{"id":1128,"date":"2020-05-20T19:07:38","date_gmt":"2020-05-21T00:07:38","guid":{"rendered":"http:\/\/flf2020.flywheelsites.com\/residencia-permanente-green-cards\/"},"modified":"2020-05-20T19:07:38","modified_gmt":"2020-05-21T00:07:38","slug":"residencia-permanente-green-cards","status":"publish","type":"page","link":"https:\/\/fragerlaw.com\/es\/residencia-permanente-green-cards\/","title":{"rendered":"Residencia Permanente (Green Cards)"},"content":{"rendered":"\t\t<div data-elementor-type=\"wp-page\" data-elementor-id=\"1128\" class=\"elementor elementor-1128 elementor-228\" data-elementor-post-type=\"page\">\n\t\t\t\t\t\t<section class=\"elementor-section elementor-top-section elementor-element elementor-element-5b47c786 elementor-reverse-mobile elementor-section-boxed elementor-section-height-default elementor-section-height-default elementor-invisible\" data-id=\"5b47c786\" data-element_type=\"section\" data-e-type=\"section\" data-settings=\"{&quot;background_background&quot;:&quot;classic&quot;,&quot;animation&quot;:&quot;fadeIn&quot;}\">\n\t\t\t\t\t\t<div class=\"elementor-container elementor-column-gap-default\">\n\t\t\t\t\t<div class=\"elementor-column elementor-col-100 elementor-top-column elementor-element elementor-element-181e9d62\" data-id=\"181e9d62\" data-element_type=\"column\" data-e-type=\"column\" data-settings=\"{&quot;background_background&quot;:&quot;classic&quot;}\">\n\t\t\t<div class=\"elementor-widget-wrap elementor-element-populated\">\n\t\t\t\t\t\t<div class=\"elementor-element elementor-element-55e2f24d elementor-widget elementor-widget-heading\" data-id=\"55e2f24d\" data-element_type=\"widget\" data-e-type=\"widget\" data-widget_type=\"heading.default\">\n\t\t\t\t<div class=\"elementor-widget-container\">\n\t\t\t\t\t<h2 class=\"elementor-heading-title elementor-size-default\">Informaci\u00f3n general<\/h2>\t\t\t\t<\/div>\n\t\t\t\t<\/div>\n\t\t\t\t<div class=\"elementor-element elementor-element-8ec7bb4 elementor-widget elementor-widget-text-editor\" data-id=\"8ec7bb4\" data-element_type=\"widget\" data-e-type=\"widget\" data-widget_type=\"text-editor.default\">\n\t\t\t\t<div class=\"elementor-widget-container\">\n\t\t\t\t\t\t\t\t\t<p>Una persona que obtiene la residencia permanente adquiere una tarjeta verde, Formulario I-551, que le otorga el derecho a vivir y trabajar de forma permanente en los Estados Unidos. El primer paso para adquirir la residencia permanente es obtener una visa de inmigraci\u00f3n. A trav\u00e9s de los siguientes tipos de inmigraci\u00f3n, un ciudadano extranjero puede ser elegible para el estado de residencia permanente:<\/p>\n\t\t\t\t\t\t\t\t<\/div>\n\t\t\t\t<\/div>\n\t\t\t\t<div class=\"elementor-element elementor-element-60aebd0c elementor-icon-list--layout-traditional elementor-list-item-link-full_width elementor-widget elementor-widget-icon-list\" data-id=\"60aebd0c\" data-element_type=\"widget\" data-e-type=\"widget\" data-widget_type=\"icon-list.default\">\n\t\t\t\t<div class=\"elementor-widget-container\">\n\t\t\t\t\t\t\t<ul class=\"elementor-icon-list-items\">\n\t\t\t\t\t\t\t<li class=\"elementor-icon-list-item\">\n\t\t\t\t\t\t\t\t\t\t\t<span class=\"elementor-icon-list-icon\">\n\t\t\t\t\t\t\t<i aria-hidden=\"true\" class=\"fas fa-check-circle\"><\/i>\t\t\t\t\t\t<\/span>\n\t\t\t\t\t\t\t\t\t\t<span class=\"elementor-icon-list-text\">Inmigraci\u00f3n basada en el empleo<\/span>\n\t\t\t\t\t\t\t\t\t<\/li>\n\t\t\t\t\t\t\t\t<li class=\"elementor-icon-list-item\">\n\t\t\t\t\t\t\t\t\t\t\t<span class=\"elementor-icon-list-icon\">\n\t\t\t\t\t\t\t<i aria-hidden=\"true\" class=\"fas fa-check-circle\"><\/i>\t\t\t\t\t\t<\/span>\n\t\t\t\t\t\t\t\t\t\t<span class=\"elementor-icon-list-text\">Inmigraci\u00f3n basada en la familia<\/span>\n\t\t\t\t\t\t\t\t\t<\/li>\n\t\t\t\t\t\t\t\t<li class=\"elementor-icon-list-item\">\n\t\t\t\t\t\t\t\t\t\t\t<span class=\"elementor-icon-list-icon\">\n\t\t\t\t\t\t\t<i aria-hidden=\"true\" class=\"fas fa-check-circle\"><\/i>\t\t\t\t\t\t<\/span>\n\t\t\t\t\t\t\t\t\t\t<span class=\"elementor-icon-list-text\">Ley de violencia contra la mujer (VAWA)<\/span>\n\t\t\t\t\t\t\t\t\t<\/li>\n\t\t\t\t\t\t<\/ul>\n\t\t\t\t\t\t<\/div>\n\t\t\t\t<\/div>\n\t\t\t\t<div class=\"elementor-element elementor-element-57ec565c elementor-widget elementor-widget-text-editor\" data-id=\"57ec565c\" data-element_type=\"widget\" data-e-type=\"widget\" data-widget_type=\"text-editor.default\">\n\t\t\t\t<div class=\"elementor-widget-container\">\n\t\t\t\t\t\t\t\t\t<p>Despu\u00e9s de cumplir con ciertos requisitos de elegibilidad, un inmigrante que vive en los Estados Unidos puede solicitar el ajuste al estado permanente.<\/p>\n<p>Los inmigrantes tambi\u00e9n pueden solicitar el estatus permanente a trav\u00e9s del procesamiento consular, mediante la solicitud en una embajada o consulado de los Estados Unidos en su pa\u00eds de origen.<\/p>\n<p>Aunque un residente permanente debe renovar su tarjeta verde cada diez a\u00f1os, la tarjeta no caduca.<\/p>\n<p>Los residentes permanentes disfrutan de muchos de los mismos derechos que los ciudadanos estadounidenses, incluida la libertad de empleo y el trabajo por cuenta propia.<\/p>\n<p>Muy pocas oportunidades profesionales requieren la ciudadan\u00eda estadounidense. Sin embargo, como no ciudadanos, los inmigrantes no pueden votar ni formar parte de un jurado. Despu\u00e9s de residir en los Estados Unidos durante cinco a\u00f1os (tres a\u00f1os si est\u00e1 casado con un ciudadano estadounidense), el residente permanente puede solicitar la ciudadan\u00eda estadounidense.<\/p>\n\t\t\t\t\t\t\t\t<\/div>\n\t\t\t\t<\/div>\n\t\t\t\t<div class=\"elementor-element elementor-element-e4f775a elementor-widget elementor-widget-heading\" data-id=\"e4f775a\" data-element_type=\"widget\" data-e-type=\"widget\" data-widget_type=\"heading.default\">\n\t\t\t\t<div class=\"elementor-widget-container\">\n\t\t\t\t\t<h2 class=\"elementor-heading-title elementor-size-default\">P\u00e9rdida de residencia permanente.<\/h2>\t\t\t\t<\/div>\n\t\t\t\t<\/div>\n\t\t\t\t<div class=\"elementor-element elementor-element-5953f79 elementor-widget elementor-widget-text-editor\" data-id=\"5953f79\" data-element_type=\"widget\" data-e-type=\"widget\" data-widget_type=\"text-editor.default\">\n\t\t\t\t<div class=\"elementor-widget-container\">\n\t\t\t\t\t\t\t\t\t<p>De acuerdo con los Servicios de Ciudadan\u00eda e Inmigraci\u00f3n de los EE. UU. (USCIS), puede perder su estado de residencia permanente si realiza alguna de las siguientes acciones:<\/p>\n\t\t\t\t\t\t\t\t<\/div>\n\t\t\t\t<\/div>\n\t\t\t\t<div class=\"elementor-element elementor-element-71cfeef elementor-icon-list--layout-traditional elementor-list-item-link-full_width elementor-widget elementor-widget-icon-list\" data-id=\"71cfeef\" data-element_type=\"widget\" data-e-type=\"widget\" data-widget_type=\"icon-list.default\">\n\t\t\t\t<div class=\"elementor-widget-container\">\n\t\t\t\t\t\t\t<ul class=\"elementor-icon-list-items\">\n\t\t\t\t\t\t\t<li class=\"elementor-icon-list-item\">\n\t\t\t\t\t\t\t\t\t\t\t<span class=\"elementor-icon-list-icon\">\n\t\t\t\t\t\t\t<i aria-hidden=\"true\" class=\"fas fa-check-circle\"><\/i>\t\t\t\t\t\t<\/span>\n\t\t\t\t\t\t\t\t\t\t<span class=\"elementor-icon-list-text\">Mudarse a otro pa\u00eds con la intenci\u00f3n de vivir all\u00ed permanentemente<\/span>\n\t\t\t\t\t\t\t\t\t<\/li>\n\t\t\t\t\t\t\t\t<li class=\"elementor-icon-list-item\">\n\t\t\t\t\t\t\t\t\t\t\t<span class=\"elementor-icon-list-icon\">\n\t\t\t\t\t\t\t<i aria-hidden=\"true\" class=\"fas fa-check-circle\"><\/i>\t\t\t\t\t\t<\/span>\n\t\t\t\t\t\t\t\t\t\t<span class=\"elementor-icon-list-text\">Permanecer fuera de los EE. UU. durante m\u00e1s de un a\u00f1o sin obtener un permiso de reingreso o una visa de residente de regreso; sin embargo, al determinar si su estado ha sido abandonado, se puede considerar cualquier ausencia de los EE. UU., incluso si es menos de un a\u00f1o<\/span>\n\t\t\t\t\t\t\t\t\t<\/li>\n\t\t\t\t\t\t\t\t<li class=\"elementor-icon-list-item\">\n\t\t\t\t\t\t\t\t\t\t\t<span class=\"elementor-icon-list-icon\">\n\t\t\t\t\t\t\t<i aria-hidden=\"true\" class=\"fas fa-check-circle\"><\/i>\t\t\t\t\t\t<\/span>\n\t\t\t\t\t\t\t\t\t\t<span class=\"elementor-icon-list-text\">No presentar declaraciones de impuestos sobre la renta mientras viva fuera de los EE. UU. por cualquier per\u00edodo<\/span>\n\t\t\t\t\t\t\t\t\t<\/li>\n\t\t\t\t\t\t\t\t<li class=\"elementor-icon-list-item\">\n\t\t\t\t\t\t\t\t\t\t\t<span class=\"elementor-icon-list-icon\">\n\t\t\t\t\t\t\t<i aria-hidden=\"true\" class=\"fas fa-check-circle\"><\/i>\t\t\t\t\t\t<\/span>\n\t\t\t\t\t\t\t\t\t\t<span class=\"elementor-icon-list-text\">Declararse \"no inmigrante\" en sus declaraciones de impuestos<\/span>\n\t\t\t\t\t\t\t\t\t<\/li>\n\t\t\t\t\t\t<\/ul>\n\t\t\t\t\t\t<\/div>\n\t\t\t\t<\/div>\n\t\t\t\t<div class=\"elementor-element elementor-element-6364d5a5 elementor-widget elementor-widget-text-editor\" data-id=\"6364d5a5\" data-element_type=\"widget\" data-e-type=\"widget\" data-widget_type=\"text-editor.default\">\n\t\t\t\t<div class=\"elementor-widget-container\">\n\t\t\t\t\t\t\t\t\t<p>En el Bufete de Abogados Frager, nuestros abogados de inmigraci\u00f3n ayudan a los clientes con problemas de residencia permanente, brindan asesoramiento legal para mantener el estatus y ayudan a los clientes a proteger sus derechos. Si es residente permanente y se le ha ofrecido un puesto en el extranjero, un asesor legal puede ayudarlo a evaluar el efecto sobre el estado de residencia permanente antes de aceptar la oferta de trabajo. <\/p>\n<p>Organice una consulta hoy con el <a href=\"https:\/\/fragerlaw.com\/es\/nuestras-oficinas\/\">Bufete de Abogados Frager<\/a>.<\/p>\n\t\t\t\t\t\t\t\t<\/div>\n\t\t\t\t<\/div>\n\t\t\t\t\t<\/div>\n\t\t<\/div>\n\t\t\t\t\t<\/div>\n\t\t<\/section>\n\t\t\t\t<\/div>\n\t\t","protected":false},"excerpt":{"rendered":"<p>Informaci\u00f3n general Una persona que obtiene la residencia permanente adquiere una tarjeta verde, Formulario I-551, que le otorga el derecho a vivir y trabajar de forma permanente en los Estados Unidos. El primer paso para adquirir la residencia permanente es obtener una visa de inmigraci\u00f3n. A trav\u00e9s de los siguientes tipos de inmigraci\u00f3n, un ciudadano [&hellip;]<\/p>\n","protected":false},"author":1,"featured_media":0,"parent":0,"menu_order":4,"comment_status":"closed","ping_status":"closed","template":"","meta":{"footnotes":""},"categories":[25],"tags":[],"class_list":["post-1128","page","type-page","status-publish","hentry","category-servicios","entry"],"_links":{"self":[{"href":"https:\/\/fragerlaw.com\/es\/wp-json\/wp\/v2\/pages\/1128","targetHints":{"allow":["GET"]}}],"collection":[{"href":"https:\/\/fragerlaw.com\/es\/wp-json\/wp\/v2\/pages"}],"about":[{"href":"https:\/\/fragerlaw.com\/es\/wp-json\/wp\/v2\/types\/page"}],"author":[{"embeddable":true,"href":"https:\/\/fragerlaw.com\/es\/wp-json\/wp\/v2\/users\/1"}],"replies":[{"embeddable":true,"href":"https:\/\/fragerlaw.com\/es\/wp-json\/wp\/v2\/comments?post=1128"}],"version-history":[{"count":0,"href":"https:\/\/fragerlaw.com\/es\/wp-json\/wp\/v2\/pages\/1128\/revisions"}],"wp:attachment":[{"href":"https:\/\/fragerlaw.com\/es\/wp-json\/wp\/v2\/media?parent=1128"}],"wp:term":[{"taxonomy":"category","embeddable":true,"href":"https:\/\/fragerlaw.com\/es\/wp-json\/wp\/v2\/categories?post=1128"},{"taxonomy":"post_tag","embeddable":true,"href":"https:\/\/fragerlaw.com\/es\/wp-json\/wp\/v2\/tags?post=1128"}],"curies":[{"name":"wp","href":"https:\/\/api.w.org\/{rel}","templated":true}]}}