{"id":1027,"date":"2020-05-14T17:10:42","date_gmt":"2020-05-14T22:10:42","guid":{"rendered":"http:\/\/flf2020.flywheelsites.com\/visas-de-negocios-y-ejecutivos-2\/"},"modified":"2020-05-14T17:10:43","modified_gmt":"2020-05-14T22:10:43","slug":"visas-de-negocios-y-ejecutivos-2","status":"publish","type":"page","link":"https:\/\/fragerlaw.com\/es\/visas-de-negocios-y-ejecutivos-2\/","title":{"rendered":"Visas de Negocios y Ejecutivos"},"content":{"rendered":"\t\t<div data-elementor-type=\"wp-page\" data-elementor-id=\"1027\" class=\"elementor elementor-1027 elementor-236\" data-elementor-post-type=\"page\">\n\t\t\t\t\t\t<section class=\"elementor-section elementor-top-section elementor-element elementor-element-4330404b elementor-reverse-mobile elementor-section-boxed elementor-section-height-default elementor-section-height-default elementor-invisible\" data-id=\"4330404b\" data-element_type=\"section\" data-e-type=\"section\" data-settings=\"{&quot;background_background&quot;:&quot;classic&quot;,&quot;animation&quot;:&quot;fadeIn&quot;}\">\n\t\t\t\t\t\t<div class=\"elementor-container elementor-column-gap-default\">\n\t\t\t\t\t<div class=\"elementor-column elementor-col-100 elementor-top-column elementor-element elementor-element-b7bb163\" data-id=\"b7bb163\" data-element_type=\"column\" data-e-type=\"column\" data-settings=\"{&quot;background_background&quot;:&quot;classic&quot;}\">\n\t\t\t<div class=\"elementor-widget-wrap elementor-element-populated\">\n\t\t\t\t\t\t<div class=\"elementor-element elementor-element-1b2ad519 elementor-widget elementor-widget-text-editor\" data-id=\"1b2ad519\" data-element_type=\"widget\" data-e-type=\"widget\" data-widget_type=\"text-editor.default\">\n\t\t\t\t<div class=\"elementor-widget-container\">\n\t\t\t\t\t\t\t\t\t<p>El Bufete de Abogados Frager brinda orientaci\u00f3n experta y calificada a las empresas, en todas las facetas de la inmigraci\u00f3n relacionada con los negocios. Adem\u00e1s del cumplimiento de la I-9, trabajamos con las empresas y sus ejecutivos para satisfacer las demandas de la fuerza laboral de la empresa. <\/p>\n<p>Nuestros abogados les ayudan a obtener el estado de inmigraci\u00f3n temporal y permanente para los empleados gerenciales y ejecutivos de negocios en todas las categor\u00edas de visa. Transferir empleados del extranjero a los Estados Unidos puede ayudar a una empresa a alcanzar sus objetivos a corto o largo plazo. Trabajamos con los clientes para explorar las opciones disponibles y determinar la mejor estrategia para satisfacer sus necesidades.<\/p>\n\t\t\t\t\t\t\t\t<\/div>\n\t\t\t\t<\/div>\n\t\t\t\t<div class=\"elementor-element elementor-element-58277e7a elementor-widget elementor-widget-heading\" data-id=\"58277e7a\" data-element_type=\"widget\" data-e-type=\"widget\" data-widget_type=\"heading.default\">\n\t\t\t\t<div class=\"elementor-widget-container\">\n\t\t\t\t\t<h2 class=\"elementor-heading-title elementor-size-default\">Categor\u00edas exentas de certificaci\u00f3n laboral para tarjetas verdes basadas en empleo<\/h2>\t\t\t\t<\/div>\n\t\t\t\t<\/div>\n\t\t\t\t<div class=\"elementor-element elementor-element-5628f61e elementor-widget elementor-widget-text-editor\" data-id=\"5628f61e\" data-element_type=\"widget\" data-e-type=\"widget\" data-widget_type=\"text-editor.default\">\n\t\t\t\t<div class=\"elementor-widget-container\">\n\t\t\t\t\t\t\t\t\t<p>Si bien ciertos puestos requieren certificaci\u00f3n laboral, otros no. Nuestra firma ayuda a los clientes con la documentaci\u00f3n del certificado laboral requerida cuando es necesario. Sin embargo, los empleados en las siguientes categor\u00edas no requieren certificaci\u00f3n laboral para obtener visas:<\/p>\n\t\t\t\t\t\t\t\t<\/div>\n\t\t\t\t<\/div>\n\t\t\t\t<div class=\"elementor-element elementor-element-13e71066 elementor-icon-list--layout-traditional elementor-list-item-link-full_width elementor-widget elementor-widget-icon-list\" data-id=\"13e71066\" data-element_type=\"widget\" data-e-type=\"widget\" data-widget_type=\"icon-list.default\">\n\t\t\t\t<div class=\"elementor-widget-container\">\n\t\t\t\t\t\t\t<ul class=\"elementor-icon-list-items\">\n\t\t\t\t\t\t\t<li class=\"elementor-icon-list-item\">\n\t\t\t\t\t\t\t\t\t\t\t<span class=\"elementor-icon-list-icon\">\n\t\t\t\t\t\t\t<i aria-hidden=\"true\" class=\"fas fa-check-circle\"><\/i>\t\t\t\t\t\t<\/span>\n\t\t\t\t\t\t\t\t\t\t<span class=\"elementor-icon-list-text\">Personas de habilidad extraordinaria<\/span>\n\t\t\t\t\t\t\t\t\t<\/li>\n\t\t\t\t\t\t\t\t<li class=\"elementor-icon-list-item\">\n\t\t\t\t\t\t\t\t\t\t\t<span class=\"elementor-icon-list-icon\">\n\t\t\t\t\t\t\t<i aria-hidden=\"true\" class=\"fas fa-check-circle\"><\/i>\t\t\t\t\t\t<\/span>\n\t\t\t\t\t\t\t\t\t\t<span class=\"elementor-icon-list-text\">Profesores\/as e investigadores\/as destacados<\/span>\n\t\t\t\t\t\t\t\t\t<\/li>\n\t\t\t\t\t\t\t\t<li class=\"elementor-icon-list-item\">\n\t\t\t\t\t\t\t\t\t\t\t<span class=\"elementor-icon-list-icon\">\n\t\t\t\t\t\t\t<i aria-hidden=\"true\" class=\"fas fa-check-circle\"><\/i>\t\t\t\t\t\t<\/span>\n\t\t\t\t\t\t\t\t\t\t<span class=\"elementor-icon-list-text\">Ejecutivos y gerentes internacionales transferidos del extranjero<\/span>\n\t\t\t\t\t\t\t\t\t<\/li>\n\t\t\t\t\t\t\t\t<li class=\"elementor-icon-list-item\">\n\t\t\t\t\t\t\t\t\t\t\t<span class=\"elementor-icon-list-icon\">\n\t\t\t\t\t\t\t<i aria-hidden=\"true\" class=\"fas fa-check-circle\"><\/i>\t\t\t\t\t\t<\/span>\n\t\t\t\t\t\t\t\t\t\t<span class=\"elementor-icon-list-text\">Personas con t\u00edtulos avanzados o de habilidad excepcional, cuyo trabajo es de inter\u00e9s nacional (Exenci\u00f3n de inter\u00e9s nacional)<\/span>\n\t\t\t\t\t\t\t\t\t<\/li>\n\t\t\t\t\t\t\t\t<li class=\"elementor-icon-list-item\">\n\t\t\t\t\t\t\t\t\t\t\t<span class=\"elementor-icon-list-icon\">\n\t\t\t\t\t\t\t<i aria-hidden=\"true\" class=\"fas fa-check-circle\"><\/i>\t\t\t\t\t\t<\/span>\n\t\t\t\t\t\t\t\t\t\t<span class=\"elementor-icon-list-text\">Inversores que invierten $ 1 mill\u00f3n (o $ 500,000 en ciertas \u00e1reas) y crean empleo para diez trabajadores estadounidenses<\/span>\n\t\t\t\t\t\t\t\t\t<\/li>\n\t\t\t\t\t\t\t\t<li class=\"elementor-icon-list-item\">\n\t\t\t\t\t\t\t\t\t\t\t<span class=\"elementor-icon-list-icon\">\n\t\t\t\t\t\t\t<i aria-hidden=\"true\" class=\"fas fa-check-circle\"><\/i>\t\t\t\t\t\t<\/span>\n\t\t\t\t\t\t\t\t\t\t<span class=\"elementor-icon-list-text\">Enfermeras\/os registrados<\/span>\n\t\t\t\t\t\t\t\t\t<\/li>\n\t\t\t\t\t\t\t\t<li class=\"elementor-icon-list-item\">\n\t\t\t\t\t\t\t\t\t\t\t<span class=\"elementor-icon-list-icon\">\n\t\t\t\t\t\t\t<i aria-hidden=\"true\" class=\"fas fa-check-circle\"><\/i>\t\t\t\t\t\t<\/span>\n\t\t\t\t\t\t\t\t\t\t<span class=\"elementor-icon-list-text\">Fisioterapeutas<\/span>\n\t\t\t\t\t\t\t\t\t<\/li>\n\t\t\t\t\t\t\t\t<li class=\"elementor-icon-list-item\">\n\t\t\t\t\t\t\t\t\t\t\t<span class=\"elementor-icon-list-icon\">\n\t\t\t\t\t\t\t<i aria-hidden=\"true\" class=\"fas fa-check-circle\"><\/i>\t\t\t\t\t\t<\/span>\n\t\t\t\t\t\t\t\t\t\t<span class=\"elementor-icon-list-text\">Trabajadores religiosos con dos a\u00f1os de experiencia previa<\/span>\n\t\t\t\t\t\t\t\t\t<\/li>\n\t\t\t\t\t\t<\/ul>\n\t\t\t\t\t\t<\/div>\n\t\t\t\t<\/div>\n\t\t\t\t<div class=\"elementor-element elementor-element-9bbe43b elementor-widget elementor-widget-heading\" data-id=\"9bbe43b\" data-element_type=\"widget\" data-e-type=\"widget\" data-widget_type=\"heading.default\">\n\t\t\t\t<div class=\"elementor-widget-container\">\n\t\t\t\t\t<h2 class=\"elementor-heading-title elementor-size-default\">Categor\u00edas de visa<\/h2>\t\t\t\t<\/div>\n\t\t\t\t<\/div>\n\t\t\t\t<div class=\"elementor-element elementor-element-5b36782 elementor-widget elementor-widget-text-editor\" data-id=\"5b36782\" data-element_type=\"widget\" data-e-type=\"widget\" data-widget_type=\"text-editor.default\">\n\t\t\t\t<div class=\"elementor-widget-container\">\n\t\t\t\t\t\t\t\t\t<p>Las visas est\u00e1n disponibles para satisfacer sus necesidades comerciales. Nuestros abogados ayudan con la selecci\u00f3n y administraci\u00f3n de las categor\u00edas de visa temporal m\u00e1s apropiadas, como las siguientes:<\/p>\n\t\t\t\t\t\t\t\t<\/div>\n\t\t\t\t<\/div>\n\t\t\t\t<div class=\"elementor-element elementor-element-fe21892 elementor-icon-list--layout-traditional elementor-list-item-link-full_width elementor-widget elementor-widget-icon-list\" data-id=\"fe21892\" data-element_type=\"widget\" data-e-type=\"widget\" data-widget_type=\"icon-list.default\">\n\t\t\t\t<div class=\"elementor-widget-container\">\n\t\t\t\t\t\t\t<ul class=\"elementor-icon-list-items\">\n\t\t\t\t\t\t\t<li class=\"elementor-icon-list-item\">\n\t\t\t\t\t\t\t\t\t\t<span class=\"elementor-icon-list-text\"><b>H-1B<\/b>- Ocupaciones especializadas, contadores p\u00fablicos, analistas inform\u00e1ticos, programadores, administradores de bases de datos, dise\u00f1adores web, ingenieros, analistas financieros, m\u00e9dicos, enfermeras, cient\u00edficos, arquitectos y abogados<\/span>\n\t\t\t\t\t\t\t\t\t<\/li>\n\t\t\t\t\t\t\t\t<li class=\"elementor-icon-list-item\">\n\t\t\t\t\t\t\t\t\t\t<span class=\"elementor-icon-list-text\"><b>H-2B<\/b> - Empleos no agr\u00edcolas, donde los trabajadores estadounidenses son escasos<\/span>\n\t\t\t\t\t\t\t\t\t<\/li>\n\t\t\t\t\t\t\t\t<li class=\"elementor-icon-list-item\">\n\t\t\t\t\t\t\t\t\t\t<span class=\"elementor-icon-list-text\"><b>L-1<\/b> - Visas de trabajo de transferencia dentro de la empresa para personas empleadas en el extranjero como ejecutivos, gerentes, o en puestos que requieren conocimientos especializados<\/span>\n\t\t\t\t\t\t\t\t\t<\/li>\n\t\t\t\t\t\t\t\t<li class=\"elementor-icon-list-item\">\n\t\t\t\t\t\t\t\t\t\t<span class=\"elementor-icon-list-text\"><b>O-1<\/b> - Individuos con habilidades extraordinarias en los campos de la ciencia, las artes, la educaci\u00f3n, los negocios o el atletismo a nivel nacional o internacional, incluidos los logros extraordinarios dentro de los campos de pel\u00edculas y \/ o televisi\u00f3n.<\/span>\n\t\t\t\t\t\t\t\t\t<\/li>\n\t\t\t\t\t\t\t\t<li class=\"elementor-icon-list-item\">\n\t\t\t\t\t\t\t\t\t\t<span class=\"elementor-icon-list-text\"><b>P<\/b> - Personas reconocidas internacionalmente como atletas y artistas. Nuestra firma tambi\u00e9n asesora y ayuda a las empresas con respecto a la residencia permanente de sus empleados.<\/span>\n\t\t\t\t\t\t\t\t\t<\/li>\n\t\t\t\t\t\t<\/ul>\n\t\t\t\t\t\t<\/div>\n\t\t\t\t<\/div>\n\t\t\t\t<div class=\"elementor-element elementor-element-4eccdb7f elementor-widget elementor-widget-heading\" data-id=\"4eccdb7f\" data-element_type=\"widget\" data-e-type=\"widget\" data-widget_type=\"heading.default\">\n\t\t\t\t<div class=\"elementor-widget-container\">\n\t\t\t\t\t<h2 class=\"elementor-heading-title elementor-size-default\">Servicios de viajero de negocios internacionales<\/h2>\t\t\t\t<\/div>\n\t\t\t\t<\/div>\n\t\t\t\t<div class=\"elementor-element elementor-element-223a2d9f elementor-widget elementor-widget-text-editor\" data-id=\"223a2d9f\" data-element_type=\"widget\" data-e-type=\"widget\" data-widget_type=\"text-editor.default\">\n\t\t\t\t<div class=\"elementor-widget-container\">\n\t\t\t\t\t\t\t\t\t<p>La Firma de Abogados Frager ofrece servicios de inmigraci\u00f3n a clientes corporativos, para empleados que viajan internacionalmente mediante la presentaci\u00f3n de solicitudes ante consulados y agencias gubernamentales en nombre de las empresas.<\/p>\n<p>Organice una <a href=\"\/?page_id=246\">consulta <\/a>con la Firma de Abogados Frager hoy.<\/p>\n<p>Muchas empresas y ejecutivos conf\u00edan en la Firma de Abogados Frager para soluciones de inmigraci\u00f3n empresarial. Descubra c\u00f3mo podemos ayudarlo.<\/p>\n\t\t\t\t\t\t\t\t<\/div>\n\t\t\t\t<\/div>\n\t\t\t\t\t<\/div>\n\t\t<\/div>\n\t\t\t\t\t<\/div>\n\t\t<\/section>\n\t\t\t\t<\/div>\n\t\t","protected":false},"excerpt":{"rendered":"<p>El Bufete de Abogados Frager brinda orientaci\u00f3n experta y calificada a las empresas, en todas las facetas de la inmigraci\u00f3n relacionada con los negocios. Adem\u00e1s del cumplimiento de la I-9, trabajamos con las empresas y sus ejecutivos para satisfacer las demandas de la fuerza laboral de la empresa. Nuestros abogados les ayudan a obtener el [&hellip;]<\/p>\n","protected":false},"author":1,"featured_media":0,"parent":0,"menu_order":4,"comment_status":"closed","ping_status":"closed","template":"","meta":{"footnotes":""},"categories":[25],"tags":[],"class_list":["post-1027","page","type-page","status-publish","hentry","category-servicios","entry"],"_links":{"self":[{"href":"https:\/\/fragerlaw.com\/es\/wp-json\/wp\/v2\/pages\/1027","targetHints":{"allow":["GET"]}}],"collection":[{"href":"https:\/\/fragerlaw.com\/es\/wp-json\/wp\/v2\/pages"}],"about":[{"href":"https:\/\/fragerlaw.com\/es\/wp-json\/wp\/v2\/types\/page"}],"author":[{"embeddable":true,"href":"https:\/\/fragerlaw.com\/es\/wp-json\/wp\/v2\/users\/1"}],"replies":[{"embeddable":true,"href":"https:\/\/fragerlaw.com\/es\/wp-json\/wp\/v2\/comments?post=1027"}],"version-history":[{"count":0,"href":"https:\/\/fragerlaw.com\/es\/wp-json\/wp\/v2\/pages\/1027\/revisions"}],"wp:attachment":[{"href":"https:\/\/fragerlaw.com\/es\/wp-json\/wp\/v2\/media?parent=1027"}],"wp:term":[{"taxonomy":"category","embeddable":true,"href":"https:\/\/fragerlaw.com\/es\/wp-json\/wp\/v2\/categories?post=1027"},{"taxonomy":"post_tag","embeddable":true,"href":"https:\/\/fragerlaw.com\/es\/wp-json\/wp\/v2\/tags?post=1027"}],"curies":[{"name":"wp","href":"https:\/\/api.w.org\/{rel}","templated":true}]}}