{"id":1011,"date":"2020-05-13T15:10:03","date_gmt":"2020-05-13T20:10:03","guid":{"rendered":"http:\/\/flf2020.flywheelsites.com\/visas-de-estudiante-universitario\/"},"modified":"2020-05-21T12:00:18","modified_gmt":"2020-05-21T17:00:18","slug":"visas-de-estudiante-universitario","status":"publish","type":"page","link":"https:\/\/fragerlaw.com\/es\/visas-de-estudiante-universitario\/","title":{"rendered":"Visas de Estudiante Universitario"},"content":{"rendered":"\t\t<div data-elementor-type=\"wp-page\" data-elementor-id=\"1011\" class=\"elementor elementor-1011 elementor-242\" data-elementor-post-type=\"page\">\n\t\t\t\t\t\t<section class=\"elementor-section elementor-top-section elementor-element elementor-element-54292cde elementor-reverse-mobile elementor-section-boxed elementor-section-height-default elementor-section-height-default elementor-invisible\" data-id=\"54292cde\" data-element_type=\"section\" data-e-type=\"section\" data-settings=\"{&quot;background_background&quot;:&quot;classic&quot;,&quot;animation&quot;:&quot;fadeIn&quot;}\">\n\t\t\t\t\t\t<div class=\"elementor-container elementor-column-gap-default\">\n\t\t\t\t\t<div class=\"elementor-column elementor-col-100 elementor-top-column elementor-element elementor-element-3bfc8963\" data-id=\"3bfc8963\" data-element_type=\"column\" data-e-type=\"column\" data-settings=\"{&quot;background_background&quot;:&quot;classic&quot;}\">\n\t\t\t<div class=\"elementor-widget-wrap elementor-element-populated\">\n\t\t\t\t\t\t<div class=\"elementor-element elementor-element-74a18d87 elementor-widget elementor-widget-text-editor\" data-id=\"74a18d87\" data-element_type=\"widget\" data-e-type=\"widget\" data-widget_type=\"text-editor.default\">\n\t\t\t\t<div class=\"elementor-widget-container\">\n\t\t\t\t\t\t\t\t\t<p>Los extranjeros que visitan los Estados Unidos con fines tur\u00edsticos pueden tomar un curso corto de estudio si es de menos de 18 horas a la semana. Para los extranjeros que vienen a los Estados Unidos a estudiar durante un per\u00edodo de tiempo m\u00e1s prolongado, las dos visas de estudiante m\u00e1s comunes son visas F-1 y M-1<\/p>\n\t\t\t\t\t\t\t\t<\/div>\n\t\t\t\t<\/div>\n\t\t\t\t<div class=\"elementor-element elementor-element-65989bbe elementor-widget elementor-widget-heading\" data-id=\"65989bbe\" data-element_type=\"widget\" data-e-type=\"widget\" data-widget_type=\"heading.default\">\n\t\t\t\t<div class=\"elementor-widget-container\">\n\t\t\t\t\t<h2 class=\"elementor-heading-title elementor-size-default\">F-1 Visas<\/h2>\t\t\t\t<\/div>\n\t\t\t\t<\/div>\n\t\t\t\t<div class=\"elementor-element elementor-element-40ea107e elementor-widget elementor-widget-text-editor\" data-id=\"40ea107e\" data-element_type=\"widget\" data-e-type=\"widget\" data-widget_type=\"text-editor.default\">\n\t\t\t\t<div class=\"elementor-widget-container\">\n\t\t\t\t\t\t\t\t\t<p>Las instituciones acad\u00e9micas y los programas de capacitaci\u00f3n en idiomas, como los programas de intercambio de la escuela secundaria o los estudios de pregrado y posgrado en las universidades, requieren visas F-1 para estudiar. Las visas F-1 no est\u00e1n permitidas para los programas educativos de la escuela primaria. Durante el estudio, los estudiantes no tienen autorizaci\u00f3n de empleo m\u00e1s all\u00e1 del trabajo en el campus por m\u00e1s de 20 horas a la semana.<\/p>\n<p>Los estudiantes con visa F-1 generalmente son admitidos por la duraci\u00f3n de su condici\u00f3n de estudiante. Pueden permanecer en los Estados Unidos siempre que sean estudiantes de tiempo completo, incluso si su pasaporte de visa F-1 caduca mientras est\u00e9n aqu\u00ed.<\/p>\n<p>Como las familias pueden acompa\u00f1ar a un estudiante, se pueden emitir visas F-2 para el c\u00f3nyuge y los hijos del estudiante. Bajo una visa F-2, el c\u00f3nyuge no puede trabajar o estudiar. Sin embargo, los ni\u00f1os pueden asistir a la escuela hasta el 12\u00ba grado.<\/p>\n\t\t\t\t\t\t\t\t<\/div>\n\t\t\t\t<\/div>\n\t\t\t\t<div class=\"elementor-element elementor-element-5c05ad2 elementor-widget elementor-widget-heading\" data-id=\"5c05ad2\" data-element_type=\"widget\" data-e-type=\"widget\" data-widget_type=\"heading.default\">\n\t\t\t\t<div class=\"elementor-widget-container\">\n\t\t\t\t\t<h2 class=\"elementor-heading-title elementor-size-default\">Visas M-1<\/h2>\t\t\t\t<\/div>\n\t\t\t\t<\/div>\n\t\t\t\t<div class=\"elementor-element elementor-element-f0dbf5d elementor-widget elementor-widget-text-editor\" data-id=\"f0dbf5d\" data-element_type=\"widget\" data-e-type=\"widget\" data-widget_type=\"text-editor.default\">\n\t\t\t\t<div class=\"elementor-widget-container\">\n\t\t\t\t\t\t\t\t\t<p>Las visas M-1 se otorgan a estudiantes extranjeros para programas vocacionales, t\u00e9cnicos y no acad\u00e9micos. Los estudiantes con visa M-1 pueden permanecer en los Estados Unidos por un a\u00f1o, o por la duraci\u00f3n de su inscripci\u00f3n a tiempo completo, en un programa vocacional m\u00e1s 30 d\u00edas para prepararse para salir del pa\u00eds, lo que sea m\u00e1s corto.<\/p>\n<p>Organice una <a href=\"https:\/\/fragerlaw.com\/es\/nuestras-oficinas\/\">consulta<\/a> con la Firma de Abogados Frager.<\/p>\n<p>Nuestros abogados ayudan a numerosas personas a obtener visas de estudiantes y brindan asesoramiento para asuntos de inmigraci\u00f3n. Nos complace responder sus preguntas y ver c\u00f3mo podemos servirle.<\/p>\n\t\t\t\t\t\t\t\t<\/div>\n\t\t\t\t<\/div>\n\t\t\t\t\t<\/div>\n\t\t<\/div>\n\t\t\t\t\t<\/div>\n\t\t<\/section>\n\t\t\t\t<\/div>\n\t\t","protected":false},"excerpt":{"rendered":"<p>Los extranjeros que visitan los Estados Unidos con fines tur\u00edsticos pueden tomar un curso corto de estudio si es de menos de 18 horas a la semana. Para los extranjeros que vienen a los Estados Unidos a estudiar durante un per\u00edodo de tiempo m\u00e1s prolongado, las dos visas de estudiante m\u00e1s comunes son visas F-1 [&hellip;]<\/p>\n","protected":false},"author":1,"featured_media":0,"parent":0,"menu_order":4,"comment_status":"closed","ping_status":"closed","template":"","meta":{"footnotes":""},"categories":[25],"tags":[],"class_list":["post-1011","page","type-page","status-publish","hentry","category-servicios","entry"],"_links":{"self":[{"href":"https:\/\/fragerlaw.com\/es\/wp-json\/wp\/v2\/pages\/1011","targetHints":{"allow":["GET"]}}],"collection":[{"href":"https:\/\/fragerlaw.com\/es\/wp-json\/wp\/v2\/pages"}],"about":[{"href":"https:\/\/fragerlaw.com\/es\/wp-json\/wp\/v2\/types\/page"}],"author":[{"embeddable":true,"href":"https:\/\/fragerlaw.com\/es\/wp-json\/wp\/v2\/users\/1"}],"replies":[{"embeddable":true,"href":"https:\/\/fragerlaw.com\/es\/wp-json\/wp\/v2\/comments?post=1011"}],"version-history":[{"count":0,"href":"https:\/\/fragerlaw.com\/es\/wp-json\/wp\/v2\/pages\/1011\/revisions"}],"wp:attachment":[{"href":"https:\/\/fragerlaw.com\/es\/wp-json\/wp\/v2\/media?parent=1011"}],"wp:term":[{"taxonomy":"category","embeddable":true,"href":"https:\/\/fragerlaw.com\/es\/wp-json\/wp\/v2\/categories?post=1011"},{"taxonomy":"post_tag","embeddable":true,"href":"https:\/\/fragerlaw.com\/es\/wp-json\/wp\/v2\/tags?post=1011"}],"curies":[{"name":"wp","href":"https:\/\/api.w.org\/{rel}","templated":true}]}}