{"id":1009,"date":"2020-05-13T11:59:45","date_gmt":"2020-05-13T16:59:45","guid":{"rendered":"http:\/\/flf2020.flywheelsites.com\/informacion-de-inmigracion\/"},"modified":"2020-05-13T11:59:45","modified_gmt":"2020-05-13T16:59:45","slug":"informacion-de-inmigracion","status":"publish","type":"page","link":"https:\/\/fragerlaw.com\/es\/informacion-de-inmigracion\/","title":{"rendered":"Informaci\u00f3n de Inmigraci\u00f3n"},"content":{"rendered":"\t\t<div data-elementor-type=\"wp-page\" data-elementor-id=\"1009\" class=\"elementor elementor-1009 elementor-243\" data-elementor-post-type=\"page\">\n\t\t\t\t\t\t<section class=\"elementor-section elementor-top-section elementor-element elementor-element-4852b274 elementor-reverse-mobile elementor-section-boxed elementor-section-height-default elementor-section-height-default elementor-invisible\" data-id=\"4852b274\" data-element_type=\"section\" data-e-type=\"section\" data-settings=\"{&quot;background_background&quot;:&quot;classic&quot;,&quot;animation&quot;:&quot;fadeIn&quot;}\">\n\t\t\t\t\t\t<div class=\"elementor-container elementor-column-gap-default\">\n\t\t\t\t\t<div class=\"elementor-column elementor-col-100 elementor-top-column elementor-element elementor-element-6027e05f\" data-id=\"6027e05f\" data-element_type=\"column\" data-e-type=\"column\" data-settings=\"{&quot;background_background&quot;:&quot;classic&quot;}\">\n\t\t\t<div class=\"elementor-widget-wrap elementor-element-populated\">\n\t\t\t\t\t\t<div class=\"elementor-element elementor-element-3bee140e elementor-widget elementor-widget-text-editor\" data-id=\"3bee140e\" data-element_type=\"widget\" data-e-type=\"widget\" data-widget_type=\"text-editor.default\">\n\t\t\t\t<div class=\"elementor-widget-container\">\n\t\t\t\t\t\t\t\t\t<p>D\u00e9cadas de experiencia combinada permiten a la Firma de Abogados Frager guiar sin problemas a sus clientes a trav\u00e9s de los procedimientos de inmigraci\u00f3n y proporcionar asistencia de inmigraci\u00f3n. Ayudamos a los clientes con visas, residencia permanente (tarjetas verdes), naturalizaci\u00f3n, problemas de eliminaci\u00f3n, cumplimiento de la I-9 y muchos otros asuntos de inmigraci\u00f3n. <\/p>\n<p>Solicitar el tipo correcto de visa es crucial para la aprobaci\u00f3n, y una vez en los Estados Unidos, muchas personas necesitan comprender sus obligaciones para poder quedarse y ser elegibles para la residencia permanente o la ciudadan\u00eda. Los empleadores necesitan asesoramiento y estrategia para aprovechar los recursos de empleo extranjeros y al mismo tiempo salvaguardar sus negocios a trav\u00e9s del cumplimiento normativo adecuado.<\/p>\n\t\t\t\t\t\t\t\t<\/div>\n\t\t\t\t<\/div>\n\t\t\t\t<div class=\"elementor-element elementor-element-50c0d6d2 elementor-widget elementor-widget-heading\" data-id=\"50c0d6d2\" data-element_type=\"widget\" data-e-type=\"widget\" data-widget_type=\"heading.default\">\n\t\t\t\t<div class=\"elementor-widget-container\">\n\t\t\t\t\t<h2 class=\"elementor-heading-title elementor-size-default\">Cambios significativos en la ley de inmigraci\u00f3n<\/h2>\t\t\t\t<\/div>\n\t\t\t\t<\/div>\n\t\t\t\t<div class=\"elementor-element elementor-element-ecaa2a8 elementor-widget elementor-widget-text-editor\" data-id=\"ecaa2a8\" data-element_type=\"widget\" data-e-type=\"widget\" data-widget_type=\"text-editor.default\">\n\t\t\t\t<div class=\"elementor-widget-container\">\n\t\t\t\t\t\t\t\t\t<p>Desde que el Congreso aprob\u00f3 la Ley de Inmigraci\u00f3n y Nacionalidad (INA) en 1952, han surgido muchas leyes de inmigraci\u00f3n nuevas. El Departamento de Seguridad Nacional (DHS) se cre\u00f3 en 2002 para proteger al pa\u00eds contra los ataques terroristas. Seg\u00fan la Ley del Departamento de Seguridad Nacional (DHS), la Oficina de Servicios de Ciudadan\u00eda e Inmigraci\u00f3n de los EE. UU. (USCIS) reemplaz\u00f3 al Servicio de Inmigraci\u00f3n y Naturalizaci\u00f3n (INS). La reforma migratoria aument\u00f3 despu\u00e9s del 11 de septiembre, y todav\u00eda est\u00e1 experimentando cambios.<\/p>\n<p>Obtener ayuda de inmigraci\u00f3n para cumplir y adherirse a las leyes de inmigraci\u00f3n puede significar la diferencia entre las familias que se re\u00fanen, o los miembros de la familia a quienes se les proh\u00edbe la entrada, o incluso los que est\u00e1n siendo removidos. Debido a que las leyes de inmigraci\u00f3n a menudo cambian, es aconsejable buscar asesoramiento legal al solicitar visas, residencia permanente o naturalizaci\u00f3n, o al manejar cualquier asunto importante relacionado con la inmigraci\u00f3n.<\/p>\n\t\t\t\t\t\t\t\t<\/div>\n\t\t\t\t<\/div>\n\t\t\t\t<div class=\"elementor-element elementor-element-67fc4b19 elementor-widget elementor-widget-heading\" data-id=\"67fc4b19\" data-element_type=\"widget\" data-e-type=\"widget\" data-widget_type=\"heading.default\">\n\t\t\t\t<div class=\"elementor-widget-container\">\n\t\t\t\t\t<h2 class=\"elementor-heading-title elementor-size-default\">Proteja sus derechos con los servicios que ofrecemos.<\/h2>\t\t\t\t<\/div>\n\t\t\t\t<\/div>\n\t\t\t\t<div class=\"elementor-element elementor-element-429b9e66 elementor-widget elementor-widget-text-editor\" data-id=\"429b9e66\" data-element_type=\"widget\" data-e-type=\"widget\" data-widget_type=\"text-editor.default\">\n\t\t\t\t<div class=\"elementor-widget-container\">\n\t\t\t\t\t\t\t\t\t<p>Nadie debe comparecer en una audiencia de deportaci\u00f3n y expulsi\u00f3n sin un abogado experimentado a su lado. Hay circunstancias en las que solicitar la residencia permanente podr\u00eda dar lugar a notificaciones para que se presenten los procedimientos de expulsi\u00f3n. Buscar la defensa legal confiable de un abogado de inmigraci\u00f3n experimentado ayuda a las personas a evitar dificultades innecesarias. Nuestro servicio de inmigraci\u00f3n es crucial para las personas que enfrentan serios problemas de inmigraci\u00f3n.<\/p>\n\t\t\t\t\t\t\t\t<\/div>\n\t\t\t\t<\/div>\n\t\t\t\t<div class=\"elementor-element elementor-element-5fbed706 elementor-widget elementor-widget-heading\" data-id=\"5fbed706\" data-element_type=\"widget\" data-e-type=\"widget\" data-widget_type=\"heading.default\">\n\t\t\t\t<div class=\"elementor-widget-container\">\n\t\t\t\t\t<h2 class=\"elementor-heading-title elementor-size-default\">Ayuda para inmigraci\u00f3n de emergencia.<\/h2>\t\t\t\t<\/div>\n\t\t\t\t<\/div>\n\t\t\t\t<div class=\"elementor-element elementor-element-a18fac8 elementor-widget elementor-widget-text-editor\" data-id=\"a18fac8\" data-element_type=\"widget\" data-e-type=\"widget\" data-widget_type=\"text-editor.default\">\n\t\t\t\t<div class=\"elementor-widget-container\">\n\t\t\t\t\t\t\t\t\t<p>El bufete de abogados Frager mantiene un servicio de respuesta las 24 horas para que los miembros del personal puedan ser ubicados y tengan la oportunidad de ayudarlo. Si usted, un pariente o alguien cercano a usted ha sido arrestado durante las horas de la noche o los fines de semana, <a href=\"\/?page_id=246\">cont\u00e1ctenos <\/a>de inmediato. D\u00edgale al operador que esperar\u00e1 en la l\u00ednea hasta que se encuentre un miembro del personal. <\/p>\n<p>Hacemos todo lo posible para proporcionar ayuda legal inmediata en el momento de la emergencia, ya sea durante las horas de oficina regulares, o las noches y fines de semana. <\/p>\n<p>Si usted es una persona individual o un empleador, discuta sus problemas en una consulta confidencial con uno de nuestros abogados.<\/p>\n\t\t\t\t\t\t\t\t<\/div>\n\t\t\t\t<\/div>\n\t\t\t\t\t<\/div>\n\t\t<\/div>\n\t\t\t\t\t<\/div>\n\t\t<\/section>\n\t\t\t\t<\/div>\n\t\t","protected":false},"excerpt":{"rendered":"<p>D\u00e9cadas de experiencia combinada permiten a la Firma de Abogados Frager guiar sin problemas a sus clientes a trav\u00e9s de los procedimientos de inmigraci\u00f3n y proporcionar asistencia de inmigraci\u00f3n. Ayudamos a los clientes con visas, residencia permanente (tarjetas verdes), naturalizaci\u00f3n, problemas de eliminaci\u00f3n, cumplimiento de la I-9 y muchos otros asuntos de inmigraci\u00f3n. Solicitar el [&hellip;]<\/p>\n","protected":false},"author":1,"featured_media":0,"parent":0,"menu_order":4,"comment_status":"closed","ping_status":"closed","template":"","meta":{"footnotes":""},"categories":[25],"tags":[],"class_list":["post-1009","page","type-page","status-publish","hentry","category-servicios","entry"],"_links":{"self":[{"href":"https:\/\/fragerlaw.com\/es\/wp-json\/wp\/v2\/pages\/1009","targetHints":{"allow":["GET"]}}],"collection":[{"href":"https:\/\/fragerlaw.com\/es\/wp-json\/wp\/v2\/pages"}],"about":[{"href":"https:\/\/fragerlaw.com\/es\/wp-json\/wp\/v2\/types\/page"}],"author":[{"embeddable":true,"href":"https:\/\/fragerlaw.com\/es\/wp-json\/wp\/v2\/users\/1"}],"replies":[{"embeddable":true,"href":"https:\/\/fragerlaw.com\/es\/wp-json\/wp\/v2\/comments?post=1009"}],"version-history":[{"count":0,"href":"https:\/\/fragerlaw.com\/es\/wp-json\/wp\/v2\/pages\/1009\/revisions"}],"wp:attachment":[{"href":"https:\/\/fragerlaw.com\/es\/wp-json\/wp\/v2\/media?parent=1009"}],"wp:term":[{"taxonomy":"category","embeddable":true,"href":"https:\/\/fragerlaw.com\/es\/wp-json\/wp\/v2\/categories?post=1009"},{"taxonomy":"post_tag","embeddable":true,"href":"https:\/\/fragerlaw.com\/es\/wp-json\/wp\/v2\/tags?post=1009"}],"curies":[{"name":"wp","href":"https:\/\/api.w.org\/{rel}","templated":true}]}}